{"id":111,"date":"2022-07-06T09:56:52","date_gmt":"2022-07-06T05:56:52","guid":{"rendered":"http:\/\/www.pub974.re\/index.php\/register\/"},"modified":"2022-07-06T11:25:26","modified_gmt":"2022-07-06T07:25:26","slug":"register","status":"publish","type":"page","link":"http:\/\/www.pub974.re\/index.php\/register\/","title":{"rendered":"S\u2019inscrire"},"content":{"rendered":"\r\n<div class=\"um um-register um-105\">\r\n\r\n\t<div class=\"um-form\" data-mode=\"register\">\r\n\r\n\t\t<form method=\"post\" action=\"\">\r\n\r\n\t\t\t<div class=\"um-row _um_row_1 \" style=\"padding: 0px 0px 0px 0px;margin: 0px 0px 30px 0px;border-width: 0px 0px 0px 0px;border-style: solid;border-radius: 0px;\"><div class=\"um-col-1\"><div  id=\"um_field_105_user_login\" class=\"um-field um-field-text  um-field-user_login um-field-text um-field-type_text\" data-key=\"user_login\"><div class=\"um-field-label\"><label for=\"user_login-105\">Nom de la soci\u00e9t\u00e9<span class=\"um-req\" title=\"Obligatoire\">*<\/span><\/label><div class=\"um-clear\"><\/div><\/div><div class=\"um-field-area\"><input  autocomplete=\"off\" class=\"um-form-field valid \" type=\"text\" name=\"user_login-105\" id=\"user_login-105\" value=\"\" placeholder=\"nom de votre soci\u00e9t\u00e9\" data-validate=\"\" data-key=\"user_login\" \/>\n\n\t\t\t\t\t\t<\/div><\/div><div  id=\"um_field_105_adresse\" class=\"um-field um-field-text  um-field-adresse um-field-text um-field-type_text\" data-key=\"adresse\"><div class=\"um-field-label\"><label for=\"adresse-105\">Adresse<\/label><div class=\"um-clear\"><\/div><\/div><div class=\"um-field-area\"><input  autocomplete=\"off\" class=\"um-form-field valid not-required \" type=\"text\" name=\"adresse-105\" id=\"adresse-105\" value=\"\" placeholder=\"\" data-validate=\"alpha_numeric\" data-key=\"adresse\" \/>\n\n\t\t\t\t\t\t<\/div><\/div><div  id=\"um_field_105_user_url\" class=\"um-field um-field-url  um-field-user_url um-field-url um-field-type_url\" data-key=\"user_url\"><div class=\"um-field-label\"><label for=\"user_url-105\">URL du site web<span class=\"um-req\" title=\"Obligatoire\">*<\/span><\/label><div class=\"um-clear\"><\/div><\/div><div class=\"um-field-area\"><input    class=\"um-form-field valid \" type=\"text\" name=\"user_url-105\" id=\"user_url-105\" value=\"\" placeholder=\"\" data-validate=\"url\" data-key=\"user_url\" \/>\n\n\t\t\t\t\t\t<\/div><\/div><div  id=\"um_field_105_user_email\" class=\"um-field um-field-text  um-field-user_email um-field-text um-field-type_text\" data-key=\"user_email\"><div class=\"um-field-label\"><label for=\"user_email-105\">Adresse e-mail<\/label><div class=\"um-clear\"><\/div><\/div><div class=\"um-field-area\"><input  autocomplete=\"off\" class=\"um-form-field valid \" type=\"text\" name=\"user_email-105\" id=\"user_email-105\" value=\"\" placeholder=\"\" data-validate=\"unique_email\" data-key=\"user_email\" \/>\n\n\t\t\t\t\t\t<\/div><\/div><div  id=\"um_field_105_user_password\" class=\"um-field um-field-password  um-field-user_password um-field-password um-field-type_password\" data-key=\"user_password\"><div class=\"um-field-label\"><label for=\"user_password-105\">Password<span class=\"um-req\" title=\"Obligatoire\">*<\/span><\/label><div class=\"um-clear\"><\/div><\/div><div class=\"um-field-area\"><input class=\"um-form-field valid \" type=\"password\" name=\"user_password-105\" id=\"user_password-105\" value=\"\" placeholder=\"\" data-validate=\"\" data-key=\"user_password\" \/>\n\n\t\t\t\t\t\t<\/div><\/div><div  id=\"um_field_105_confirm_user_password\" class=\"um-field um-field-password  um-field-user_password um-field-password um-field-type_password\" data-key=\"confirm_user_password\"><div class=\"um-field-label\"><label for=\"confirm_user_password-105\">Confirmer le Mot de passe<span class=\"um-req\" title=\"Obligatoire\">*<\/span><\/label><div class=\"um-clear\"><\/div><\/div><div class=\"um-field-area\"><input class=\"um-form-field valid \" type=\"password\" name=\"confirm_user_password-105\" id=\"confirm_user_password-105\" value=\"\" placeholder=\"Confirmer le Mot de passe\" data-validate=\"\" data-key=\"confirm_user_password\" \/><\/div><\/div><div  id=\"um_field_105_facebook\" class=\"um-field um-field-url  um-field-facebook um-field-url um-field-type_url\" data-key=\"facebook\"><div class=\"um-field-label\"><div class=\"um-field-label-icon\"><i class=\"um-faicon-facebook\" aria-label=\"Facebook\"><\/i><\/div><label for=\"facebook-105\">Facebook<\/label><div class=\"um-clear\"><\/div><\/div><div class=\"um-field-area\"><input    class=\"um-form-field valid \" type=\"text\" name=\"facebook-105\" id=\"facebook-105\" value=\"\" placeholder=\"\" data-validate=\"facebook_url\" data-key=\"facebook\" \/>\n\n\t\t\t\t\t\t<\/div><\/div><div  id=\"um_field_105_twitter\" class=\"um-field um-field-url  um-field-twitter um-field-url um-field-type_url\" data-key=\"twitter\"><div class=\"um-field-label\"><div class=\"um-field-label-icon\"><i class=\"um-faicon-twitter\" aria-label=\"Twitter\"><\/i><\/div><label for=\"twitter-105\">Twitter<\/label><div class=\"um-clear\"><\/div><\/div><div class=\"um-field-area\"><input    class=\"um-form-field valid \" type=\"text\" name=\"twitter-105\" id=\"twitter-105\" value=\"\" placeholder=\"\" data-validate=\"twitter_url\" data-key=\"twitter\" \/>\n\n\t\t\t\t\t\t<\/div><\/div><div  id=\"um_field_105_linkedin\" class=\"um-field um-field-url  um-field-linkedin um-field-url um-field-type_url\" data-key=\"linkedin\"><div class=\"um-field-label\"><div class=\"um-field-label-icon\"><i class=\"um-faicon-linkedin\" aria-label=\"LinkedIn\"><\/i><\/div><label for=\"linkedin-105\">LinkedIn<\/label><div class=\"um-clear\"><\/div><\/div><div class=\"um-field-area\"><input    class=\"um-form-field valid \" type=\"text\" name=\"linkedin-105\" id=\"linkedin-105\" value=\"\" placeholder=\"\" data-validate=\"linkedin_url\" data-key=\"linkedin\" \/>\n\n\t\t\t\t\t\t<\/div><\/div><div  id=\"um_field_105_instagram\" class=\"um-field um-field-url  um-field-instagram um-field-url um-field-type_url\" data-key=\"instagram\"><div class=\"um-field-label\"><div class=\"um-field-label-icon\"><i class=\"um-faicon-instagram\" aria-label=\"Instagram\"><\/i><\/div><label for=\"instagram-105\">Instagram<\/label><div class=\"um-clear\"><\/div><\/div><div class=\"um-field-area\"><input    class=\"um-form-field valid \" type=\"text\" name=\"instagram-105\" id=\"instagram-105\" value=\"\" placeholder=\"\" data-validate=\"instagram_url\" data-key=\"instagram\" \/>\n\n\t\t\t\t\t\t<\/div><\/div><div  id=\"um_field_105_phone_number\" class=\"um-field um-field-text  um-field-phone_number um-field-text um-field-type_text\" data-key=\"phone_number\"><div class=\"um-field-label\"><div class=\"um-field-label-icon\"><i class=\"um-faicon-phone\" aria-label=\"Num\u00e9ro de t\u00e9l\u00e9phone\"><\/i><\/div><label for=\"phone_number-105\">Num\u00e9ro de t\u00e9l\u00e9phone<\/label><div class=\"um-clear\"><\/div><\/div><div class=\"um-field-area\"><input  autocomplete=\"off\" class=\"um-form-field valid \" type=\"text\" name=\"phone_number-105\" id=\"phone_number-105\" value=\"\" placeholder=\"\" data-validate=\"phone_number\" data-key=\"phone_number\" \/>\n\n\t\t\t\t\t\t<\/div><\/div><\/div><\/div>\t\t<input type=\"hidden\" name=\"form_id\" id=\"form_id_105\" value=\"105\" \/>\r\n\t\r\n\t<p class=\"um_request_name\">\r\n\t\t<label for=\"um_request_105\">Only fill in if you are not human<\/label>\r\n\t\t<input type=\"hidden\" name=\"um_request\" id=\"um_request_105\" class=\"input\" value=\"\" size=\"25\" autocomplete=\"off\" \/>\r\n\t<\/p>\r\n\r\n\t<input type=\"hidden\" id=\"_wpnonce\" name=\"_wpnonce\" value=\"f2139d1c9f\" \/><input type=\"hidden\" name=\"_wp_http_referer\" value=\"\/index.php\/wp-json\/wp\/v2\/pages\/111\" \/>\n\t<div class=\"um-col-alt\">\n\n\t\t\n\t\t\t<div class=\"um-left um-half\">\n\t\t\t\t<input type=\"submit\" value=\"S\u2019inscrire\" class=\"um-button\" id=\"um-submit-btn\" \/>\n\t\t\t<\/div>\n\t\t\t<div class=\"um-right um-half\">\n\t\t\t\t<a href=\"http:\/\/www.pub974.re\/index.php\/login\/\" class=\"um-button um-alt\">\n\t\t\t\t\tConnexion\t\t\t\t<\/a>\n\t\t\t<\/div>\n\n\t\t\n\t\t<div class=\"um-clear\"><\/div>\n\n\t<\/div>\n\n\t\t\t\r\n\t\t<\/form>\r\n\r\n\t<\/div>\r\n\r\n<\/div><style type=\"text\/css\">\r\n.um-105.um {\r\n\tmax-width: 450px;\r\n}<\/style>\r\n\n","protected":false},"excerpt":{"rendered":"","protected":false},"author":2,"featured_media":0,"parent":0,"menu_order":0,"comment_status":"closed","ping_status":"closed","template":"templates\/shortcode.php","meta":[],"_links":{"self":[{"href":"http:\/\/www.pub974.re\/index.php\/wp-json\/wp\/v2\/pages\/111"}],"collection":[{"href":"http:\/\/www.pub974.re\/index.php\/wp-json\/wp\/v2\/pages"}],"about":[{"href":"http:\/\/www.pub974.re\/index.php\/wp-json\/wp\/v2\/types\/page"}],"author":[{"embeddable":true,"href":"http:\/\/www.pub974.re\/index.php\/wp-json\/wp\/v2\/users\/2"}],"replies":[{"embeddable":true,"href":"http:\/\/www.pub974.re\/index.php\/wp-json\/wp\/v2\/comments?post=111"}],"version-history":[{"count":1,"href":"http:\/\/www.pub974.re\/index.php\/wp-json\/wp\/v2\/pages\/111\/revisions"}],"predecessor-version":[{"id":124,"href":"http:\/\/www.pub974.re\/index.php\/wp-json\/wp\/v2\/pages\/111\/revisions\/124"}],"wp:attachment":[{"href":"http:\/\/www.pub974.re\/index.php\/wp-json\/wp\/v2\/media?parent=111"}],"curies":[{"name":"wp","href":"https:\/\/api.w.org\/{rel}","templated":true}]}}